{"id":4134,"date":"2017-12-05T03:38:05","date_gmt":"2017-12-05T01:38:05","guid":{"rendered":"https:\/\/www.luisdelis.com\/en\/tienda\/sin%20categorizar\/cinturon-joya-cabeza-de-pantera\/"},"modified":"2018-05-07T21:52:59","modified_gmt":"2018-05-07T19:52:59","slug":"jewel-embellished-belt-w-head-panther","status":"publish","type":"product","link":"https:\/\/www.luisdelis.com\/en\/tienda\/women\/belts-2\/jewel-embellished-belt-w-head-panther\/","title":{"rendered":"Jewel embellished belt w\/head panther"},"content":{"rendered":"<p>Item Code: CINTM03<br \/>\nMaterial: Leather, brass with gold plated<br \/>\nStones: Crystal<br \/>\nDimension: width 2,95 inch.<br \/>\nSize:ONE SIZE .(Adjustable sizes S\/M\/L) Other sizes ask us.<br \/>\nClasp: Back closure with magnetic snap<\/p>\n<p>Handmade<br \/>\nAny variation in color or detailing is a result of the handcrafted nature of this item and makes each piece unique.<\/p>\n<p>Made in Spain (Ibiza)<\/p>\n","protected":false},"excerpt":{"rendered":"<p>High waist belt. Metal plate belt embellished with head panther 3D design w\/black crystal eyes.Elastic adjustable belt<\/p>\n","protected":false},"featured_media":5345,"comment_status":"closed","ping_status":"closed","template":"","meta":[],"product_cat":[92,107,112,127,134],"product_tag":[],"class_list":{"0":"post-4134","1":"product","2":"type-product","3":"status-publish","4":"has-post-thumbnail","6":"product_cat-collections","7":"product_cat-women-collections","8":"product_cat-free-souls-2-women-collections","9":"product_cat-women","10":"product_cat-belts-2","12":"first","13":"instock","14":"taxable","15":"shipping-taxable","16":"purchasable","17":"product-type-variable"},"yoast_head":"<!-- This site is optimized with the Yoast SEO plugin v23.8 - https:\/\/yoast.com\/wordpress\/plugins\/seo\/ -->\n<title>Jewel embellished belt w\/head panther &#183; Luis de Lis Ibiza Joyas Artesanales<\/title>\n<meta name=\"description\" content=\"Compra Jewel embellished belt w\/head panther en Luis de Lis Ibiza. Las mejores joyas artesanales hechas a mano: pulseras, collares y cinturones\" \/>\n<meta name=\"robots\" content=\"index, follow, max-snippet:-1, max-image-preview:large, max-video-preview:-1\" \/>\n<link rel=\"canonical\" href=\"https:\/\/www.luisdelis.com\/tienda\/colecciones\/colecciones-de-mujer\/free-souls-2\/cinturon-joya-cabeza-de-pantera\/\" \/>\n<meta property=\"og:locale\" content=\"en_US\" \/>\n<meta property=\"og:type\" content=\"article\" \/>\n<meta property=\"og:title\" content=\"Jewel embellished belt w\/head panther &#183; Luis de Lis Ibiza Joyas Artesanales\" \/>\n<meta property=\"og:description\" content=\"Compra Jewel embellished belt w\/head panther en Luis de Lis Ibiza. Las mejores joyas artesanales hechas a mano: pulseras, collares y cinturones\" \/>\n<meta property=\"og:url\" content=\"https:\/\/www.luisdelis.com\/tienda\/colecciones\/colecciones-de-mujer\/free-souls-2\/cinturon-joya-cabeza-de-pantera\/\" \/>\n<meta property=\"og:site_name\" content=\"Luis de Lis Ibiza Joyas Artesanales\" \/>\n<meta property=\"article:modified_time\" content=\"2018-05-07T19:52:59+00:00\" \/>\n<meta property=\"og:image\" content=\"https:\/\/www.luisdelis.com\/wp-content\/uploads\/2017\/12\/CINTURON-JOYA-CABEZA-PANTERA.Cinturon-cintura-alta.Cintur\u00f3n-piel-con-placa-met\u00e1lica-con-cabeza-pantera-3d-con-ojos-de-cristal-negro.-Cinturon-ajustable-con-el\u00e1stico.CINTM03A-1.jpg\" \/>\n\t<meta property=\"og:image:width\" content=\"1024\" \/>\n\t<meta property=\"og:image:height\" content=\"1024\" \/>\n\t<meta property=\"og:image:type\" content=\"image\/jpeg\" \/>\n<meta name=\"twitter:card\" content=\"summary_large_image\" \/>\n<script type=\"application\/ld+json\" class=\"yoast-schema-graph\">{\"@context\":\"https:\/\/schema.org\",\"@graph\":[{\"@type\":\"WebPage\",\"@id\":\"https:\/\/www.luisdelis.com\/tienda\/colecciones\/colecciones-de-mujer\/free-souls-2\/cinturon-joya-cabeza-de-pantera\/\",\"url\":\"https:\/\/www.luisdelis.com\/tienda\/colecciones\/colecciones-de-mujer\/free-souls-2\/cinturon-joya-cabeza-de-pantera\/\",\"name\":\"Jewel embellished belt w\/head panther &#183; Luis de Lis Ibiza Joyas Artesanales\",\"isPartOf\":{\"@id\":\"https:\/\/www.luisdelis.com\/#website\"},\"primaryImageOfPage\":{\"@id\":\"https:\/\/www.luisdelis.com\/tienda\/colecciones\/colecciones-de-mujer\/free-souls-2\/cinturon-joya-cabeza-de-pantera\/#primaryimage\"},\"image\":{\"@id\":\"https:\/\/www.luisdelis.com\/tienda\/colecciones\/colecciones-de-mujer\/free-souls-2\/cinturon-joya-cabeza-de-pantera\/#primaryimage\"},\"thumbnailUrl\":\"https:\/\/www.luisdelis.com\/wp-content\/uploads\/2017\/12\/CINTURON-JOYA-CABEZA-PANTERA.Cinturon-cintura-alta.Cintur\u00f3n-piel-con-placa-met\u00e1lica-con-cabeza-pantera-3d-con-ojos-de-cristal-negro.-Cinturon-ajustable-con-el\u00e1stico.CINTM03A-1.jpg\",\"datePublished\":\"2017-12-05T01:38:05+00:00\",\"dateModified\":\"2018-05-07T19:52:59+00:00\",\"description\":\"Compra Jewel embellished belt w\/head panther en Luis de Lis Ibiza. Las mejores joyas artesanales hechas a mano: pulseras, collares y cinturones\",\"breadcrumb\":{\"@id\":\"https:\/\/www.luisdelis.com\/tienda\/colecciones\/colecciones-de-mujer\/free-souls-2\/cinturon-joya-cabeza-de-pantera\/#breadcrumb\"},\"inLanguage\":\"en-US\",\"potentialAction\":[{\"@type\":\"ReadAction\",\"target\":[\"https:\/\/www.luisdelis.com\/tienda\/colecciones\/colecciones-de-mujer\/free-souls-2\/cinturon-joya-cabeza-de-pantera\/\"]}]},{\"@type\":\"ImageObject\",\"inLanguage\":\"en-US\",\"@id\":\"https:\/\/www.luisdelis.com\/tienda\/colecciones\/colecciones-de-mujer\/free-souls-2\/cinturon-joya-cabeza-de-pantera\/#primaryimage\",\"url\":\"https:\/\/www.luisdelis.com\/wp-content\/uploads\/2017\/12\/CINTURON-JOYA-CABEZA-PANTERA.Cinturon-cintura-alta.Cintur\u00f3n-piel-con-placa-met\u00e1lica-con-cabeza-pantera-3d-con-ojos-de-cristal-negro.-Cinturon-ajustable-con-el\u00e1stico.CINTM03A-1.jpg\",\"contentUrl\":\"https:\/\/www.luisdelis.com\/wp-content\/uploads\/2017\/12\/CINTURON-JOYA-CABEZA-PANTERA.Cinturon-cintura-alta.Cintur\u00f3n-piel-con-placa-met\u00e1lica-con-cabeza-pantera-3d-con-ojos-de-cristal-negro.-Cinturon-ajustable-con-el\u00e1stico.CINTM03A-1.jpg\",\"width\":1024,\"height\":1024},{\"@type\":\"BreadcrumbList\",\"@id\":\"https:\/\/www.luisdelis.com\/tienda\/colecciones\/colecciones-de-mujer\/free-souls-2\/cinturon-joya-cabeza-de-pantera\/#breadcrumb\",\"itemListElement\":[{\"@type\":\"ListItem\",\"position\":1,\"name\":\"Inicio\",\"item\":\"https:\/\/www.luisdelis.com\/en\/\"},{\"@type\":\"ListItem\",\"position\":2,\"name\":\"Tienda\",\"item\":\"https:\/\/www.luisdelis.com\/tienda\/\"},{\"@type\":\"ListItem\",\"position\":3,\"name\":\"Jewel embellished belt w\/head panther\"}]},{\"@type\":\"WebSite\",\"@id\":\"https:\/\/www.luisdelis.com\/#website\",\"url\":\"https:\/\/www.luisdelis.com\/\",\"name\":\"Luis de Lis Ibiza Joyas Artesanales\",\"description\":\"Joyas hechas a mano en Ibiza\",\"potentialAction\":[{\"@type\":\"SearchAction\",\"target\":{\"@type\":\"EntryPoint\",\"urlTemplate\":\"https:\/\/www.luisdelis.com\/?s={search_term_string}\"},\"query-input\":{\"@type\":\"PropertyValueSpecification\",\"valueRequired\":true,\"valueName\":\"search_term_string\"}}],\"inLanguage\":\"en-US\"}]}<\/script>\n<!-- \/ Yoast SEO plugin. -->","yoast_head_json":{"title":"Jewel embellished belt w\/head panther &#183; Luis de Lis Ibiza Joyas Artesanales","description":"Compra Jewel embellished belt w\/head panther en Luis de Lis Ibiza. Las mejores joyas artesanales hechas a mano: pulseras, collares y cinturones","robots":{"index":"index","follow":"follow","max-snippet":"max-snippet:-1","max-image-preview":"max-image-preview:large","max-video-preview":"max-video-preview:-1"},"canonical":"https:\/\/www.luisdelis.com\/tienda\/colecciones\/colecciones-de-mujer\/free-souls-2\/cinturon-joya-cabeza-de-pantera\/","og_locale":"en_US","og_type":"article","og_title":"Jewel embellished belt w\/head panther &#183; Luis de Lis Ibiza Joyas Artesanales","og_description":"Compra Jewel embellished belt w\/head panther en Luis de Lis Ibiza. Las mejores joyas artesanales hechas a mano: pulseras, collares y cinturones","og_url":"https:\/\/www.luisdelis.com\/tienda\/colecciones\/colecciones-de-mujer\/free-souls-2\/cinturon-joya-cabeza-de-pantera\/","og_site_name":"Luis de Lis Ibiza Joyas Artesanales","article_modified_time":"2018-05-07T19:52:59+00:00","og_image":[{"width":1024,"height":1024,"url":"https:\/\/www.luisdelis.com\/wp-content\/uploads\/2017\/12\/CINTURON-JOYA-CABEZA-PANTERA.Cinturon-cintura-alta.Cintur\u00f3n-piel-con-placa-met\u00e1lica-con-cabeza-pantera-3d-con-ojos-de-cristal-negro.-Cinturon-ajustable-con-el\u00e1stico.CINTM03A-1.jpg","type":"image\/jpeg"}],"twitter_card":"summary_large_image","schema":{"@context":"https:\/\/schema.org","@graph":[{"@type":"WebPage","@id":"https:\/\/www.luisdelis.com\/tienda\/colecciones\/colecciones-de-mujer\/free-souls-2\/cinturon-joya-cabeza-de-pantera\/","url":"https:\/\/www.luisdelis.com\/tienda\/colecciones\/colecciones-de-mujer\/free-souls-2\/cinturon-joya-cabeza-de-pantera\/","name":"Jewel embellished belt w\/head panther &#183; Luis de Lis Ibiza Joyas Artesanales","isPartOf":{"@id":"https:\/\/www.luisdelis.com\/#website"},"primaryImageOfPage":{"@id":"https:\/\/www.luisdelis.com\/tienda\/colecciones\/colecciones-de-mujer\/free-souls-2\/cinturon-joya-cabeza-de-pantera\/#primaryimage"},"image":{"@id":"https:\/\/www.luisdelis.com\/tienda\/colecciones\/colecciones-de-mujer\/free-souls-2\/cinturon-joya-cabeza-de-pantera\/#primaryimage"},"thumbnailUrl":"https:\/\/www.luisdelis.com\/wp-content\/uploads\/2017\/12\/CINTURON-JOYA-CABEZA-PANTERA.Cinturon-cintura-alta.Cintur\u00f3n-piel-con-placa-met\u00e1lica-con-cabeza-pantera-3d-con-ojos-de-cristal-negro.-Cinturon-ajustable-con-el\u00e1stico.CINTM03A-1.jpg","datePublished":"2017-12-05T01:38:05+00:00","dateModified":"2018-05-07T19:52:59+00:00","description":"Compra Jewel embellished belt w\/head panther en Luis de Lis Ibiza. Las mejores joyas artesanales hechas a mano: pulseras, collares y cinturones","breadcrumb":{"@id":"https:\/\/www.luisdelis.com\/tienda\/colecciones\/colecciones-de-mujer\/free-souls-2\/cinturon-joya-cabeza-de-pantera\/#breadcrumb"},"inLanguage":"en-US","potentialAction":[{"@type":"ReadAction","target":["https:\/\/www.luisdelis.com\/tienda\/colecciones\/colecciones-de-mujer\/free-souls-2\/cinturon-joya-cabeza-de-pantera\/"]}]},{"@type":"ImageObject","inLanguage":"en-US","@id":"https:\/\/www.luisdelis.com\/tienda\/colecciones\/colecciones-de-mujer\/free-souls-2\/cinturon-joya-cabeza-de-pantera\/#primaryimage","url":"https:\/\/www.luisdelis.com\/wp-content\/uploads\/2017\/12\/CINTURON-JOYA-CABEZA-PANTERA.Cinturon-cintura-alta.Cintur\u00f3n-piel-con-placa-met\u00e1lica-con-cabeza-pantera-3d-con-ojos-de-cristal-negro.-Cinturon-ajustable-con-el\u00e1stico.CINTM03A-1.jpg","contentUrl":"https:\/\/www.luisdelis.com\/wp-content\/uploads\/2017\/12\/CINTURON-JOYA-CABEZA-PANTERA.Cinturon-cintura-alta.Cintur\u00f3n-piel-con-placa-met\u00e1lica-con-cabeza-pantera-3d-con-ojos-de-cristal-negro.-Cinturon-ajustable-con-el\u00e1stico.CINTM03A-1.jpg","width":1024,"height":1024},{"@type":"BreadcrumbList","@id":"https:\/\/www.luisdelis.com\/tienda\/colecciones\/colecciones-de-mujer\/free-souls-2\/cinturon-joya-cabeza-de-pantera\/#breadcrumb","itemListElement":[{"@type":"ListItem","position":1,"name":"Inicio","item":"https:\/\/www.luisdelis.com\/en\/"},{"@type":"ListItem","position":2,"name":"Tienda","item":"https:\/\/www.luisdelis.com\/tienda\/"},{"@type":"ListItem","position":3,"name":"Jewel embellished belt w\/head panther"}]},{"@type":"WebSite","@id":"https:\/\/www.luisdelis.com\/#website","url":"https:\/\/www.luisdelis.com\/","name":"Luis de Lis Ibiza Joyas Artesanales","description":"Joyas hechas a mano en Ibiza","potentialAction":[{"@type":"SearchAction","target":{"@type":"EntryPoint","urlTemplate":"https:\/\/www.luisdelis.com\/?s={search_term_string}"},"query-input":{"@type":"PropertyValueSpecification","valueRequired":true,"valueName":"search_term_string"}}],"inLanguage":"en-US"}]}},"_links":{"self":[{"href":"https:\/\/www.luisdelis.com\/en\/wp-json\/wp\/v2\/product\/4134"}],"collection":[{"href":"https:\/\/www.luisdelis.com\/en\/wp-json\/wp\/v2\/product"}],"about":[{"href":"https:\/\/www.luisdelis.com\/en\/wp-json\/wp\/v2\/types\/product"}],"replies":[{"embeddable":true,"href":"https:\/\/www.luisdelis.com\/en\/wp-json\/wp\/v2\/comments?post=4134"}],"wp:featuredmedia":[{"embeddable":true,"href":"https:\/\/www.luisdelis.com\/en\/wp-json\/wp\/v2\/media\/5345"}],"wp:attachment":[{"href":"https:\/\/www.luisdelis.com\/en\/wp-json\/wp\/v2\/media?parent=4134"}],"wp:term":[{"taxonomy":"product_cat","embeddable":true,"href":"https:\/\/www.luisdelis.com\/en\/wp-json\/wp\/v2\/product_cat?post=4134"},{"taxonomy":"product_tag","embeddable":true,"href":"https:\/\/www.luisdelis.com\/en\/wp-json\/wp\/v2\/product_tag?post=4134"}],"curies":[{"name":"wp","href":"https:\/\/api.w.org\/{rel}","templated":true}]}}