{"id":3902,"date":"2017-11-03T14:14:09","date_gmt":"2017-11-03T12:14:09","guid":{"rendered":"https:\/\/www.luisdelis.com\/en\/tienda\/sin%20categorizar\/collar-cadenas-arnes-body-estrellas-swarovski\/"},"modified":"2019-04-26T13:28:01","modified_gmt":"2019-04-26T11:28:01","slug":"body-chain-harness-swarovski-stars","status":"publish","type":"product","link":"https:\/\/www.luisdelis.com\/en\/tienda\/women\/body-jewelry\/body-chain-harness-swarovski-stars\/","title":{"rendered":"Body chain harness Swarovski stars"},"content":{"rendered":"<p>Item Code: ARBODY03<br \/>\nMaterial: Brass, zamak with gold plated.<br \/>\nStones: Precious stones, swarovski<br \/>\nClasp: LOBSTER CLAW<\/p>\n<p>Handmade<br \/>\nAny variation in color or detailing is a result of the handcrafted nature of this item and makes each piece unique.<\/p>\n<p>Made in Spain (Ibiza)<\/p>\n","protected":false},"excerpt":{"rendered":"<p>Body chain harness w\/ metallic mesh w\/precious stones and swarovski stars.<\/p>\n","protected":false},"featured_media":5506,"comment_status":"closed","ping_status":"closed","template":"","meta":[],"product_cat":[127,132],"product_tag":[],"class_list":{"0":"post-3902","1":"product","2":"type-product","3":"status-publish","4":"has-post-thumbnail","6":"product_cat-women","7":"product_cat-body-jewelry","9":"first","10":"instock","11":"featured","12":"taxable","13":"shipping-taxable","14":"purchasable","15":"product-type-variable"},"yoast_head":"<!-- This site is optimized with the Yoast SEO plugin v23.8 - https:\/\/yoast.com\/wordpress\/plugins\/seo\/ -->\n<title>Body chain harness Swarovski stars &#183; Luis de Lis Ibiza Joyas Artesanales<\/title>\n<meta name=\"description\" content=\"Compra Body chain harness Swarovski stars en Luis de Lis Ibiza. Las mejores joyas artesanales hechas a mano: pulseras, collares y cinturones\" \/>\n<meta name=\"robots\" content=\"index, follow, max-snippet:-1, max-image-preview:large, max-video-preview:-1\" \/>\n<link rel=\"canonical\" href=\"https:\/\/www.luisdelis.com\/?post_type=product&p=3717\" \/>\n<meta property=\"og:locale\" content=\"en_US\" \/>\n<meta property=\"og:type\" content=\"article\" \/>\n<meta property=\"og:title\" content=\"Body chain harness Swarovski stars &#183; Luis de Lis Ibiza Joyas Artesanales\" \/>\n<meta property=\"og:description\" content=\"Compra Body chain harness Swarovski stars en Luis de Lis Ibiza. Las mejores joyas artesanales hechas a mano: pulseras, collares y cinturones\" \/>\n<meta property=\"og:url\" content=\"https:\/\/www.luisdelis.com\/?post_type=product&amp;p=3717\" \/>\n<meta property=\"og:site_name\" content=\"Luis de Lis Ibiza Joyas Artesanales\" \/>\n<meta property=\"article:modified_time\" content=\"2019-04-26T11:28:01+00:00\" \/>\n<meta property=\"og:image\" content=\"https:\/\/www.luisdelis.com\/wp-content\/uploads\/2017\/11\/COLLAR-CADENAS-ARN\u00c9S-BODY-ESTRELLAS-SWAROVSKI.-Collar-cadenas-arn\u00e9s-body-con-cadena-tela-met\u00e1lica-con-pedrer\u00eda-y-estrellas-swarovski.-ARBODY-03A.jpg\" \/>\n\t<meta property=\"og:image:width\" content=\"1024\" \/>\n\t<meta property=\"og:image:height\" content=\"1024\" \/>\n\t<meta property=\"og:image:type\" content=\"image\/jpeg\" \/>\n<meta name=\"twitter:card\" content=\"summary_large_image\" \/>\n<script type=\"application\/ld+json\" class=\"yoast-schema-graph\">{\"@context\":\"https:\/\/schema.org\",\"@graph\":[{\"@type\":\"WebPage\",\"@id\":\"https:\/\/www.luisdelis.com\/?post_type=product&p=3717\",\"url\":\"https:\/\/www.luisdelis.com\/?post_type=product&p=3717\",\"name\":\"Body chain harness Swarovski stars &#183; Luis de Lis Ibiza Joyas Artesanales\",\"isPartOf\":{\"@id\":\"https:\/\/www.luisdelis.com\/#website\"},\"primaryImageOfPage\":{\"@id\":\"https:\/\/www.luisdelis.com\/?post_type=product&p=3717#primaryimage\"},\"image\":{\"@id\":\"https:\/\/www.luisdelis.com\/?post_type=product&p=3717#primaryimage\"},\"thumbnailUrl\":\"https:\/\/www.luisdelis.com\/wp-content\/uploads\/2017\/11\/COLLAR-CADENAS-ARN\u00c9S-BODY-ESTRELLAS-SWAROVSKI.-Collar-cadenas-arn\u00e9s-body-con-cadena-tela-met\u00e1lica-con-pedrer\u00eda-y-estrellas-swarovski.-ARBODY-03A.jpg\",\"datePublished\":\"2017-11-03T12:14:09+00:00\",\"dateModified\":\"2019-04-26T11:28:01+00:00\",\"description\":\"Compra Body chain harness Swarovski stars en Luis de Lis Ibiza. Las mejores joyas artesanales hechas a mano: pulseras, collares y cinturones\",\"breadcrumb\":{\"@id\":\"https:\/\/www.luisdelis.com\/?post_type=product&p=3717#breadcrumb\"},\"inLanguage\":\"en-US\",\"potentialAction\":[{\"@type\":\"ReadAction\",\"target\":[\"https:\/\/www.luisdelis.com\/?post_type=product&p=3717\"]}]},{\"@type\":\"ImageObject\",\"inLanguage\":\"en-US\",\"@id\":\"https:\/\/www.luisdelis.com\/?post_type=product&p=3717#primaryimage\",\"url\":\"https:\/\/www.luisdelis.com\/wp-content\/uploads\/2017\/11\/COLLAR-CADENAS-ARN\u00c9S-BODY-ESTRELLAS-SWAROVSKI.-Collar-cadenas-arn\u00e9s-body-con-cadena-tela-met\u00e1lica-con-pedrer\u00eda-y-estrellas-swarovski.-ARBODY-03A.jpg\",\"contentUrl\":\"https:\/\/www.luisdelis.com\/wp-content\/uploads\/2017\/11\/COLLAR-CADENAS-ARN\u00c9S-BODY-ESTRELLAS-SWAROVSKI.-Collar-cadenas-arn\u00e9s-body-con-cadena-tela-met\u00e1lica-con-pedrer\u00eda-y-estrellas-swarovski.-ARBODY-03A.jpg\",\"width\":1024,\"height\":1024},{\"@type\":\"BreadcrumbList\",\"@id\":\"https:\/\/www.luisdelis.com\/?post_type=product&p=3717#breadcrumb\",\"itemListElement\":[{\"@type\":\"ListItem\",\"position\":1,\"name\":\"Inicio\",\"item\":\"https:\/\/www.luisdelis.com\/en\/\"},{\"@type\":\"ListItem\",\"position\":2,\"name\":\"Tienda\",\"item\":\"https:\/\/www.luisdelis.com\/tienda\/\"},{\"@type\":\"ListItem\",\"position\":3,\"name\":\"Body chain harness Swarovski stars\"}]},{\"@type\":\"WebSite\",\"@id\":\"https:\/\/www.luisdelis.com\/#website\",\"url\":\"https:\/\/www.luisdelis.com\/\",\"name\":\"Luis de Lis Ibiza Joyas Artesanales\",\"description\":\"Joyas hechas a mano en Ibiza\",\"potentialAction\":[{\"@type\":\"SearchAction\",\"target\":{\"@type\":\"EntryPoint\",\"urlTemplate\":\"https:\/\/www.luisdelis.com\/?s={search_term_string}\"},\"query-input\":{\"@type\":\"PropertyValueSpecification\",\"valueRequired\":true,\"valueName\":\"search_term_string\"}}],\"inLanguage\":\"en-US\"}]}<\/script>\n<!-- \/ Yoast SEO plugin. -->","yoast_head_json":{"title":"Body chain harness Swarovski stars &#183; Luis de Lis Ibiza Joyas Artesanales","description":"Compra Body chain harness Swarovski stars en Luis de Lis Ibiza. Las mejores joyas artesanales hechas a mano: pulseras, collares y cinturones","robots":{"index":"index","follow":"follow","max-snippet":"max-snippet:-1","max-image-preview":"max-image-preview:large","max-video-preview":"max-video-preview:-1"},"canonical":"https:\/\/www.luisdelis.com\/?post_type=product&p=3717","og_locale":"en_US","og_type":"article","og_title":"Body chain harness Swarovski stars &#183; Luis de Lis Ibiza Joyas Artesanales","og_description":"Compra Body chain harness Swarovski stars en Luis de Lis Ibiza. Las mejores joyas artesanales hechas a mano: pulseras, collares y cinturones","og_url":"https:\/\/www.luisdelis.com\/?post_type=product&p=3717","og_site_name":"Luis de Lis Ibiza Joyas Artesanales","article_modified_time":"2019-04-26T11:28:01+00:00","og_image":[{"width":1024,"height":1024,"url":"https:\/\/www.luisdelis.com\/wp-content\/uploads\/2017\/11\/COLLAR-CADENAS-ARN\u00c9S-BODY-ESTRELLAS-SWAROVSKI.-Collar-cadenas-arn\u00e9s-body-con-cadena-tela-met\u00e1lica-con-pedrer\u00eda-y-estrellas-swarovski.-ARBODY-03A.jpg","type":"image\/jpeg"}],"twitter_card":"summary_large_image","schema":{"@context":"https:\/\/schema.org","@graph":[{"@type":"WebPage","@id":"https:\/\/www.luisdelis.com\/?post_type=product&p=3717","url":"https:\/\/www.luisdelis.com\/?post_type=product&p=3717","name":"Body chain harness Swarovski stars &#183; Luis de Lis Ibiza Joyas Artesanales","isPartOf":{"@id":"https:\/\/www.luisdelis.com\/#website"},"primaryImageOfPage":{"@id":"https:\/\/www.luisdelis.com\/?post_type=product&p=3717#primaryimage"},"image":{"@id":"https:\/\/www.luisdelis.com\/?post_type=product&p=3717#primaryimage"},"thumbnailUrl":"https:\/\/www.luisdelis.com\/wp-content\/uploads\/2017\/11\/COLLAR-CADENAS-ARN\u00c9S-BODY-ESTRELLAS-SWAROVSKI.-Collar-cadenas-arn\u00e9s-body-con-cadena-tela-met\u00e1lica-con-pedrer\u00eda-y-estrellas-swarovski.-ARBODY-03A.jpg","datePublished":"2017-11-03T12:14:09+00:00","dateModified":"2019-04-26T11:28:01+00:00","description":"Compra Body chain harness Swarovski stars en Luis de Lis Ibiza. Las mejores joyas artesanales hechas a mano: pulseras, collares y cinturones","breadcrumb":{"@id":"https:\/\/www.luisdelis.com\/?post_type=product&p=3717#breadcrumb"},"inLanguage":"en-US","potentialAction":[{"@type":"ReadAction","target":["https:\/\/www.luisdelis.com\/?post_type=product&p=3717"]}]},{"@type":"ImageObject","inLanguage":"en-US","@id":"https:\/\/www.luisdelis.com\/?post_type=product&p=3717#primaryimage","url":"https:\/\/www.luisdelis.com\/wp-content\/uploads\/2017\/11\/COLLAR-CADENAS-ARN\u00c9S-BODY-ESTRELLAS-SWAROVSKI.-Collar-cadenas-arn\u00e9s-body-con-cadena-tela-met\u00e1lica-con-pedrer\u00eda-y-estrellas-swarovski.-ARBODY-03A.jpg","contentUrl":"https:\/\/www.luisdelis.com\/wp-content\/uploads\/2017\/11\/COLLAR-CADENAS-ARN\u00c9S-BODY-ESTRELLAS-SWAROVSKI.-Collar-cadenas-arn\u00e9s-body-con-cadena-tela-met\u00e1lica-con-pedrer\u00eda-y-estrellas-swarovski.-ARBODY-03A.jpg","width":1024,"height":1024},{"@type":"BreadcrumbList","@id":"https:\/\/www.luisdelis.com\/?post_type=product&p=3717#breadcrumb","itemListElement":[{"@type":"ListItem","position":1,"name":"Inicio","item":"https:\/\/www.luisdelis.com\/en\/"},{"@type":"ListItem","position":2,"name":"Tienda","item":"https:\/\/www.luisdelis.com\/tienda\/"},{"@type":"ListItem","position":3,"name":"Body chain harness Swarovski stars"}]},{"@type":"WebSite","@id":"https:\/\/www.luisdelis.com\/#website","url":"https:\/\/www.luisdelis.com\/","name":"Luis de Lis Ibiza Joyas Artesanales","description":"Joyas hechas a mano en Ibiza","potentialAction":[{"@type":"SearchAction","target":{"@type":"EntryPoint","urlTemplate":"https:\/\/www.luisdelis.com\/?s={search_term_string}"},"query-input":{"@type":"PropertyValueSpecification","valueRequired":true,"valueName":"search_term_string"}}],"inLanguage":"en-US"}]}},"_links":{"self":[{"href":"https:\/\/www.luisdelis.com\/en\/wp-json\/wp\/v2\/product\/3902"}],"collection":[{"href":"https:\/\/www.luisdelis.com\/en\/wp-json\/wp\/v2\/product"}],"about":[{"href":"https:\/\/www.luisdelis.com\/en\/wp-json\/wp\/v2\/types\/product"}],"replies":[{"embeddable":true,"href":"https:\/\/www.luisdelis.com\/en\/wp-json\/wp\/v2\/comments?post=3902"}],"wp:featuredmedia":[{"embeddable":true,"href":"https:\/\/www.luisdelis.com\/en\/wp-json\/wp\/v2\/media\/5506"}],"wp:attachment":[{"href":"https:\/\/www.luisdelis.com\/en\/wp-json\/wp\/v2\/media?parent=3902"}],"wp:term":[{"taxonomy":"product_cat","embeddable":true,"href":"https:\/\/www.luisdelis.com\/en\/wp-json\/wp\/v2\/product_cat?post=3902"},{"taxonomy":"product_tag","embeddable":true,"href":"https:\/\/www.luisdelis.com\/en\/wp-json\/wp\/v2\/product_tag?post=3902"}],"curies":[{"name":"wp","href":"https:\/\/api.w.org\/{rel}","templated":true}]}}