{"id":3845,"date":"2017-11-02T20:12:24","date_gmt":"2017-11-02T18:12:24","guid":{"rendered":"https:\/\/www.luisdelis.com\/en\/tienda\/sin%20categorizar\/collar-multicadena-sagrado-corazon-con-charms\/"},"modified":"2018-05-07T20:23:43","modified_gmt":"2018-05-07T18:23:43","slug":"multi-layered-necklace-sacred-heart-with-charms-2","status":"publish","type":"product","link":"https:\/\/www.luisdelis.com\/en\/tienda\/men\/necklaces\/multi-layered-necklace-sacred-heart-with-charms-2\/","title":{"rendered":"Multi layered necklace sacred heart with charms"},"content":{"rendered":"<p>Item Code: COMTP03<br \/>\nMaterial: Zamak with silver plated.Braided leather<br \/>\nStones: Swarovski<br \/>\nDimension: LARGE CHAINS 16 -35 inch..<br \/>\nClasp: LOBSTER CLAW<\/p>\n<p>Handmade<br \/>\nAny variation in color or detailing is a result of the handcrafted nature of this item and makes each piece unique.<\/p>\n<p>Made in Spain (Ibiza)<\/p>\n","protected":false},"excerpt":{"rendered":"<p>Braided leather and multi chains necklace double panther with charms Tattoo swallows, sacred heart, gothic cross,amulet figa and angel wing.<\/p>\n","protected":false},"featured_media":5663,"comment_status":"closed","ping_status":"closed","template":"","meta":[],"product_cat":[74,125],"product_tag":[],"class_list":{"0":"post-3845","1":"product","2":"type-product","3":"status-publish","4":"has-post-thumbnail","6":"product_cat-men","7":"product_cat-necklaces","9":"first","10":"instock","11":"featured","12":"taxable","13":"shipping-taxable","14":"purchasable","15":"product-type-variable"},"yoast_head":"<!-- This site is optimized with the Yoast SEO plugin v23.8 - https:\/\/yoast.com\/wordpress\/plugins\/seo\/ -->\n<title>Multi layered necklace sacred heart with charms &#183; Luis de Lis Ibiza Joyas Artesanales<\/title>\n<meta name=\"description\" content=\"Compra Multi layered necklace sacred heart with charms en Luis de Lis Ibiza. Las mejores joyas artesanales hechas a mano: pulseras, collares y cinturones\" \/>\n<meta name=\"robots\" content=\"index, follow, max-snippet:-1, max-image-preview:large, max-video-preview:-1\" \/>\n<link rel=\"canonical\" href=\"https:\/\/www.luisdelis.com\/en\/tienda\/men\/necklaces\/multi-layered-necklace-sacred-heart-with-charms-2\/\" \/>\n<meta property=\"og:locale\" content=\"en_US\" \/>\n<meta property=\"og:type\" content=\"article\" \/>\n<meta property=\"og:title\" content=\"Multi layered necklace sacred heart with charms &#183; Luis de Lis Ibiza Joyas Artesanales\" \/>\n<meta property=\"og:description\" content=\"Compra Multi layered necklace sacred heart with charms en Luis de Lis Ibiza. Las mejores joyas artesanales hechas a mano: pulseras, collares y cinturones\" \/>\n<meta property=\"og:url\" content=\"https:\/\/www.luisdelis.com\/en\/tienda\/men\/necklaces\/multi-layered-necklace-sacred-heart-with-charms-2\/\" \/>\n<meta property=\"og:site_name\" content=\"Luis de Lis Ibiza Joyas Artesanales\" \/>\n<meta property=\"article:modified_time\" content=\"2018-05-07T18:23:43+00:00\" \/>\n<meta property=\"og:image\" content=\"https:\/\/www.luisdelis.com\/wp-content\/uploads\/2017\/11\/COLLAR-MULTICADENA-SAGRADO-CORAZON-CON-CHARMS.-Collar-piel-trenzada-doble-pantera-con-multicadena-con-charms-golondrinas-Tattoo-coraz\u00f3n-sagradado-cruz-g\u00f3tica-amuleto-higa-y-ala-de-\u00e1ngel.COMPT-03A.jpg\" \/>\n\t<meta property=\"og:image:width\" content=\"1024\" \/>\n\t<meta property=\"og:image:height\" content=\"1024\" \/>\n\t<meta property=\"og:image:type\" content=\"image\/jpeg\" \/>\n<meta name=\"twitter:card\" content=\"summary_large_image\" \/>\n<script type=\"application\/ld+json\" class=\"yoast-schema-graph\">{\"@context\":\"https:\/\/schema.org\",\"@graph\":[{\"@type\":\"WebPage\",\"@id\":\"https:\/\/www.luisdelis.com\/en\/tienda\/men\/necklaces\/multi-layered-necklace-sacred-heart-with-charms-2\/\",\"url\":\"https:\/\/www.luisdelis.com\/en\/tienda\/men\/necklaces\/multi-layered-necklace-sacred-heart-with-charms-2\/\",\"name\":\"Multi layered necklace sacred heart with charms &#183; Luis de Lis Ibiza Joyas Artesanales\",\"isPartOf\":{\"@id\":\"https:\/\/www.luisdelis.com\/#website\"},\"primaryImageOfPage\":{\"@id\":\"https:\/\/www.luisdelis.com\/en\/tienda\/men\/necklaces\/multi-layered-necklace-sacred-heart-with-charms-2\/#primaryimage\"},\"image\":{\"@id\":\"https:\/\/www.luisdelis.com\/en\/tienda\/men\/necklaces\/multi-layered-necklace-sacred-heart-with-charms-2\/#primaryimage\"},\"thumbnailUrl\":\"https:\/\/www.luisdelis.com\/wp-content\/uploads\/2017\/11\/COLLAR-MULTICADENA-SAGRADO-CORAZON-CON-CHARMS.-Collar-piel-trenzada-doble-pantera-con-multicadena-con-charms-golondrinas-Tattoo-coraz\u00f3n-sagradado-cruz-g\u00f3tica-amuleto-higa-y-ala-de-\u00e1ngel.COMPT-03A.jpg\",\"datePublished\":\"2017-11-02T18:12:24+00:00\",\"dateModified\":\"2018-05-07T18:23:43+00:00\",\"description\":\"Compra Multi layered necklace sacred heart with charms en Luis de Lis Ibiza. Las mejores joyas artesanales hechas a mano: pulseras, collares y cinturones\",\"breadcrumb\":{\"@id\":\"https:\/\/www.luisdelis.com\/en\/tienda\/men\/necklaces\/multi-layered-necklace-sacred-heart-with-charms-2\/#breadcrumb\"},\"inLanguage\":\"en-US\",\"potentialAction\":[{\"@type\":\"ReadAction\",\"target\":[\"https:\/\/www.luisdelis.com\/en\/tienda\/men\/necklaces\/multi-layered-necklace-sacred-heart-with-charms-2\/\"]}]},{\"@type\":\"ImageObject\",\"inLanguage\":\"en-US\",\"@id\":\"https:\/\/www.luisdelis.com\/en\/tienda\/men\/necklaces\/multi-layered-necklace-sacred-heart-with-charms-2\/#primaryimage\",\"url\":\"https:\/\/www.luisdelis.com\/wp-content\/uploads\/2017\/11\/COLLAR-MULTICADENA-SAGRADO-CORAZON-CON-CHARMS.-Collar-piel-trenzada-doble-pantera-con-multicadena-con-charms-golondrinas-Tattoo-coraz\u00f3n-sagradado-cruz-g\u00f3tica-amuleto-higa-y-ala-de-\u00e1ngel.COMPT-03A.jpg\",\"contentUrl\":\"https:\/\/www.luisdelis.com\/wp-content\/uploads\/2017\/11\/COLLAR-MULTICADENA-SAGRADO-CORAZON-CON-CHARMS.-Collar-piel-trenzada-doble-pantera-con-multicadena-con-charms-golondrinas-Tattoo-coraz\u00f3n-sagradado-cruz-g\u00f3tica-amuleto-higa-y-ala-de-\u00e1ngel.COMPT-03A.jpg\",\"width\":1024,\"height\":1024},{\"@type\":\"BreadcrumbList\",\"@id\":\"https:\/\/www.luisdelis.com\/en\/tienda\/men\/necklaces\/multi-layered-necklace-sacred-heart-with-charms-2\/#breadcrumb\",\"itemListElement\":[{\"@type\":\"ListItem\",\"position\":1,\"name\":\"Inicio\",\"item\":\"https:\/\/www.luisdelis.com\/en\/\"},{\"@type\":\"ListItem\",\"position\":2,\"name\":\"Tienda\",\"item\":\"https:\/\/www.luisdelis.com\/tienda\/\"},{\"@type\":\"ListItem\",\"position\":3,\"name\":\"Multi layered necklace sacred heart with charms\"}]},{\"@type\":\"WebSite\",\"@id\":\"https:\/\/www.luisdelis.com\/#website\",\"url\":\"https:\/\/www.luisdelis.com\/\",\"name\":\"Luis de Lis Ibiza Joyas Artesanales\",\"description\":\"Joyas hechas a mano en Ibiza\",\"potentialAction\":[{\"@type\":\"SearchAction\",\"target\":{\"@type\":\"EntryPoint\",\"urlTemplate\":\"https:\/\/www.luisdelis.com\/?s={search_term_string}\"},\"query-input\":{\"@type\":\"PropertyValueSpecification\",\"valueRequired\":true,\"valueName\":\"search_term_string\"}}],\"inLanguage\":\"en-US\"}]}<\/script>\n<!-- \/ Yoast SEO plugin. -->","yoast_head_json":{"title":"Multi layered necklace sacred heart with charms &#183; Luis de Lis Ibiza Joyas Artesanales","description":"Compra Multi layered necklace sacred heart with charms en Luis de Lis Ibiza. Las mejores joyas artesanales hechas a mano: pulseras, collares y cinturones","robots":{"index":"index","follow":"follow","max-snippet":"max-snippet:-1","max-image-preview":"max-image-preview:large","max-video-preview":"max-video-preview:-1"},"canonical":"https:\/\/www.luisdelis.com\/en\/tienda\/men\/necklaces\/multi-layered-necklace-sacred-heart-with-charms-2\/","og_locale":"en_US","og_type":"article","og_title":"Multi layered necklace sacred heart with charms &#183; Luis de Lis Ibiza Joyas Artesanales","og_description":"Compra Multi layered necklace sacred heart with charms en Luis de Lis Ibiza. Las mejores joyas artesanales hechas a mano: pulseras, collares y cinturones","og_url":"https:\/\/www.luisdelis.com\/en\/tienda\/men\/necklaces\/multi-layered-necklace-sacred-heart-with-charms-2\/","og_site_name":"Luis de Lis Ibiza Joyas Artesanales","article_modified_time":"2018-05-07T18:23:43+00:00","og_image":[{"width":1024,"height":1024,"url":"https:\/\/www.luisdelis.com\/wp-content\/uploads\/2017\/11\/COLLAR-MULTICADENA-SAGRADO-CORAZON-CON-CHARMS.-Collar-piel-trenzada-doble-pantera-con-multicadena-con-charms-golondrinas-Tattoo-coraz\u00f3n-sagradado-cruz-g\u00f3tica-amuleto-higa-y-ala-de-\u00e1ngel.COMPT-03A.jpg","type":"image\/jpeg"}],"twitter_card":"summary_large_image","schema":{"@context":"https:\/\/schema.org","@graph":[{"@type":"WebPage","@id":"https:\/\/www.luisdelis.com\/en\/tienda\/men\/necklaces\/multi-layered-necklace-sacred-heart-with-charms-2\/","url":"https:\/\/www.luisdelis.com\/en\/tienda\/men\/necklaces\/multi-layered-necklace-sacred-heart-with-charms-2\/","name":"Multi layered necklace sacred heart with charms &#183; Luis de Lis Ibiza Joyas Artesanales","isPartOf":{"@id":"https:\/\/www.luisdelis.com\/#website"},"primaryImageOfPage":{"@id":"https:\/\/www.luisdelis.com\/en\/tienda\/men\/necklaces\/multi-layered-necklace-sacred-heart-with-charms-2\/#primaryimage"},"image":{"@id":"https:\/\/www.luisdelis.com\/en\/tienda\/men\/necklaces\/multi-layered-necklace-sacred-heart-with-charms-2\/#primaryimage"},"thumbnailUrl":"https:\/\/www.luisdelis.com\/wp-content\/uploads\/2017\/11\/COLLAR-MULTICADENA-SAGRADO-CORAZON-CON-CHARMS.-Collar-piel-trenzada-doble-pantera-con-multicadena-con-charms-golondrinas-Tattoo-coraz\u00f3n-sagradado-cruz-g\u00f3tica-amuleto-higa-y-ala-de-\u00e1ngel.COMPT-03A.jpg","datePublished":"2017-11-02T18:12:24+00:00","dateModified":"2018-05-07T18:23:43+00:00","description":"Compra Multi layered necklace sacred heart with charms en Luis de Lis Ibiza. Las mejores joyas artesanales hechas a mano: pulseras, collares y cinturones","breadcrumb":{"@id":"https:\/\/www.luisdelis.com\/en\/tienda\/men\/necklaces\/multi-layered-necklace-sacred-heart-with-charms-2\/#breadcrumb"},"inLanguage":"en-US","potentialAction":[{"@type":"ReadAction","target":["https:\/\/www.luisdelis.com\/en\/tienda\/men\/necklaces\/multi-layered-necklace-sacred-heart-with-charms-2\/"]}]},{"@type":"ImageObject","inLanguage":"en-US","@id":"https:\/\/www.luisdelis.com\/en\/tienda\/men\/necklaces\/multi-layered-necklace-sacred-heart-with-charms-2\/#primaryimage","url":"https:\/\/www.luisdelis.com\/wp-content\/uploads\/2017\/11\/COLLAR-MULTICADENA-SAGRADO-CORAZON-CON-CHARMS.-Collar-piel-trenzada-doble-pantera-con-multicadena-con-charms-golondrinas-Tattoo-coraz\u00f3n-sagradado-cruz-g\u00f3tica-amuleto-higa-y-ala-de-\u00e1ngel.COMPT-03A.jpg","contentUrl":"https:\/\/www.luisdelis.com\/wp-content\/uploads\/2017\/11\/COLLAR-MULTICADENA-SAGRADO-CORAZON-CON-CHARMS.-Collar-piel-trenzada-doble-pantera-con-multicadena-con-charms-golondrinas-Tattoo-coraz\u00f3n-sagradado-cruz-g\u00f3tica-amuleto-higa-y-ala-de-\u00e1ngel.COMPT-03A.jpg","width":1024,"height":1024},{"@type":"BreadcrumbList","@id":"https:\/\/www.luisdelis.com\/en\/tienda\/men\/necklaces\/multi-layered-necklace-sacred-heart-with-charms-2\/#breadcrumb","itemListElement":[{"@type":"ListItem","position":1,"name":"Inicio","item":"https:\/\/www.luisdelis.com\/en\/"},{"@type":"ListItem","position":2,"name":"Tienda","item":"https:\/\/www.luisdelis.com\/tienda\/"},{"@type":"ListItem","position":3,"name":"Multi layered necklace sacred heart with charms"}]},{"@type":"WebSite","@id":"https:\/\/www.luisdelis.com\/#website","url":"https:\/\/www.luisdelis.com\/","name":"Luis de Lis Ibiza Joyas Artesanales","description":"Joyas hechas a mano en Ibiza","potentialAction":[{"@type":"SearchAction","target":{"@type":"EntryPoint","urlTemplate":"https:\/\/www.luisdelis.com\/?s={search_term_string}"},"query-input":{"@type":"PropertyValueSpecification","valueRequired":true,"valueName":"search_term_string"}}],"inLanguage":"en-US"}]}},"_links":{"self":[{"href":"https:\/\/www.luisdelis.com\/en\/wp-json\/wp\/v2\/product\/3845"}],"collection":[{"href":"https:\/\/www.luisdelis.com\/en\/wp-json\/wp\/v2\/product"}],"about":[{"href":"https:\/\/www.luisdelis.com\/en\/wp-json\/wp\/v2\/types\/product"}],"replies":[{"embeddable":true,"href":"https:\/\/www.luisdelis.com\/en\/wp-json\/wp\/v2\/comments?post=3845"}],"wp:featuredmedia":[{"embeddable":true,"href":"https:\/\/www.luisdelis.com\/en\/wp-json\/wp\/v2\/media\/5663"}],"wp:attachment":[{"href":"https:\/\/www.luisdelis.com\/en\/wp-json\/wp\/v2\/media?parent=3845"}],"wp:term":[{"taxonomy":"product_cat","embeddable":true,"href":"https:\/\/www.luisdelis.com\/en\/wp-json\/wp\/v2\/product_cat?post=3845"},{"taxonomy":"product_tag","embeddable":true,"href":"https:\/\/www.luisdelis.com\/en\/wp-json\/wp\/v2\/product_tag?post=3845"}],"curies":[{"name":"wp","href":"https:\/\/api.w.org\/{rel}","templated":true}]}}